{"id":1910,"date":"2013-12-29T17:11:39","date_gmt":"2013-12-29T16:11:39","guid":{"rendered":"http:\/\/alramla.es\/?page_id=1910"},"modified":"2026-01-20T18:14:05","modified_gmt":"2026-01-20T17:14:05","slug":"our-team","status":"publish","type":"page","link":"http:\/\/alramla.es\/en\/our-team\/","title":{"rendered":"Our Team"},"content":{"rendered":"<div id='av_section_1'  class='avia-section main_color avia-section-default avia-no-border-styling avia-full-stretch av-parallax-section avia-bg-style-parallax  avia-builder-el-0  el_before_av_section  avia-builder-el-first   av-minimum-height av-minimum-height-custom  container_wrap sidebar_right' style='background-color: #a74e4b;  '  data-section-bg-repeat='stretch'><div class='av-parallax' data-avia-parallax-ratio='0.3' ><div class='av-parallax-inner main_color  avia-full-stretch' style = 'background-color: #a74e4b; background-repeat: no-repeat; background-image: url(http:\/\/alramla.es\/wp-content\/uploads\/2013\/12\/equipoalramla-1024x430.jpg);background-attachment: scroll; background-position: bottom center; ' ><\/div><\/div><div class='container' style='height:430px'><main  role=\"main\" itemprop=\"mainContentOfPage\"  class='template-page content  av-content-small alpha units'><div class='post-entry post-entry-type-page post-entry-1910'><div class='entry-content-wrapper clearfix'>\n<div  style='padding-bottom:10px; color:#ffffff;font-size:60px;' class='av-special-heading av-special-heading-h1 custom-color-heading blockquote modern-quote modern-centered  avia-builder-el-1  avia-builder-el-no-sibling  av-thin-font av-inherit-size '><h1 class='av-special-heading-tag '  itemprop=\"headline\"  ><strong>our team<\/h1><div class='special-heading-border'><div class='special-heading-inner-border' style='border-color:#ffffff'><\/div><\/div><\/div><\/strong><br \/>\n\n<\/div><\/div><\/main><!-- close content main element --><\/div><\/div><div id='av_section_2'  class='avia-section main_color avia-section-default avia-no-border-styling avia-bg-style-scroll  avia-builder-el-2  el_after_av_section  el_before_av_layout_row   av-arrow-down-section container_wrap sidebar_right' style='background-color: #a74e4b;  '  ><div class='container' ><div class='template-page content  av-content-small alpha units'><div class='post-entry post-entry-type-page post-entry-1910'><div class='entry-content-wrapper clearfix'>\n\n<section class=\"av_textblock_section \"  itemscope=\"itemscope\" itemtype=\"https:\/\/schema.org\/CreativeWork\" ><div class='avia_textblock  av_inherit_color '  style='color:#ffffff; '  itemprop=\"text\" ><p style=\"text-align: center;\">Our team is formed by dynamic and motivated professionals with considerable experience in tourism and management, each one with a knowledge, level of experience and particular area of interest. All of us are committed and encouraged by the same goal, achieve personalized and high quality service.<\/p>\n<\/div><\/section>\n\n<\/div><\/div><\/div><!-- close content main div --><\/div><div class='av-extra-border-element border-extra-arrow-down'><div class='av-extra-border-outer'><div class='av-extra-border-inner'  style='background-color:#a74e4b;' ><\/div><\/div><\/div><\/div><div id='av-layout-grid-1'  class='av-layout-grid-container entry-content-wrapper main_color av-flex-cells     avia-builder-el-5  el_after_av_section  avia-builder-el-last  submenu-not-first container_wrap sidebar_right' style=' '  >\n<div class=\"flex_cell no_margin av_one_half  avia-builder-el-6  el_before_av_cell_one_half  avia-builder-el-first   \" style='vertical-align:top; padding:30px; '><div class='flex_cell_inner' ><p><div class=\"flex_column av_two_fifth  flex_column_div first  avia-builder-el-7  el_before_av_three_fifth  avia-builder-el-first  \" ><div  class='avia-image-container  av-styling-no-styling    avia-builder-el-8  avia-builder-el-no-sibling  avia-align-center '  itemprop=\"image\" itemscope=\"itemscope\" itemtype=\"https:\/\/schema.org\/ImageObject\"  ><div class='avia-image-container-inner'><div class='avia-image-overlay-wrap'><img class='avia_image' src='http:\/\/alramla.es\/wp-content\/uploads\/2013\/12\/Nahida-Habash-495x400.png' alt='' title='Nahida-Habash' height=\"400\" width=\"495\"  itemprop=\"thumbnailUrl\"  \/><\/div><\/div><\/div><\/div><div class=\"flex_column av_three_fifth  flex_column_div   avia-builder-el-9  el_after_av_two_fifth  avia-builder-el-last  \" ><section class=\"av_textblock_section \"  itemscope=\"itemscope\" itemtype=\"https:\/\/schema.org\/CreativeWork\" ><div class='avia_textblock  '   itemprop=\"text\" ><h3 class=\"team-member-name\">Nahida Habash<\/h3>\n<h5 class=\"team-member-name\">Manager&amp;Cross Cultural Ambassador<\/h5>\n<p class=\"team-member-name\">Bachelor of Tourism Management, with a career focused on cultural tourism. Nahida has an extensive professional experience in the inbound tourism that allows her to understand more deeply the needs of the sector. Nahida is of Arab origin, she has lived in different countries with which she maintains warm and deep relationship. She resides in Barcelona and usually travels for work or leisure. Her arabic language, culture and traditions form always part of her reality.<\/p>\n<\/div><\/section><\/div><\/p>\n<\/div><\/div><div class=\"flex_cell no_margin av_one_half  avia-builder-el-11  el_after_av_cell_one_half  avia-builder-el-last   \" style='vertical-align:top; padding:30px; '><div class='flex_cell_inner' ><p><div class=\"flex_column av_two_fifth  flex_column_div first  avia-builder-el-12  el_before_av_three_fifth  avia-builder-el-first  \" ><div  class='avia-image-container  av-styling-no-styling    avia-builder-el-13  avia-builder-el-no-sibling  avia-align-center '  itemprop=\"image\" itemscope=\"itemscope\" itemtype=\"https:\/\/schema.org\/ImageObject\"  ><div class='avia-image-container-inner'><div class='avia-image-overlay-wrap'><img class='avia_image' src='http:\/\/alramla.es\/wp-content\/uploads\/2013\/12\/JoseA-Galaso1-495x400.png' alt='' title='JoseA-Galaso' height=\"400\" width=\"495\"  itemprop=\"thumbnailUrl\"  \/><\/div><\/div><\/div><\/div><div class=\"flex_column av_three_fifth  flex_column_div   avia-builder-el-14  el_after_av_two_fifth  avia-builder-el-last  \" ><section class=\"av_textblock_section \"  itemscope=\"itemscope\" itemtype=\"https:\/\/schema.org\/CreativeWork\" ><div class='avia_textblock  '   itemprop=\"text\" ><h3 class=\"team-member-name\" style=\"text-align: left;\">Jose A. Galaso<\/h3>\n<h5 class=\"team-member-name\" style=\"text-align: left;\">Business Development Manager<\/h5>\n<p class=\"team-member-name\" style=\"text-align: left;\">Bachelor of Computer Science, for many years Jose Antonio has held positions in the area of strategic consulting and business as manager of multinational companies. Years ago he was introduced in \u00a0the eastern Arab world through the tourism sector.<\/p>\n<\/div><\/section><\/div><\/p>\n<\/div><\/div><\/div>\n","protected":false},"excerpt":{"rendered":"","protected":false},"author":1,"featured_media":0,"parent":0,"menu_order":0,"comment_status":"closed","ping_status":"open","template":"","meta":{"footnotes":""},"class_list":["post-1910","page","type-page","status-publish","hentry"],"yoast_head":"<!-- This site is optimized with the Yoast SEO plugin v24.2 - https:\/\/yoast.com\/wordpress\/plugins\/seo\/ -->\n<title>El Equipo | AlRamla<\/title>\n<meta name=\"description\" content=\"Nuestro equipo est\u00e1 formado por profesionales din\u00e1micos y motivados, con una considerable trayectoria en el turismo y la gesti\u00f3n, cada uno con un...\" \/>\n<meta name=\"robots\" content=\"index, follow, max-snippet:-1, max-image-preview:large, max-video-preview:-1\" \/>\n<link rel=\"canonical\" href=\"http:\/\/alramla.es\/en\/our-team\/\" \/>\n<meta property=\"og:locale\" content=\"en_US\" \/>\n<meta property=\"og:type\" content=\"article\" \/>\n<meta property=\"og:title\" content=\"El Equipo | AlRamla\" \/>\n<meta property=\"og:description\" content=\"Nuestro equipo est\u00e1 formado por profesionales din\u00e1micos y motivados, con una considerable trayectoria en el turismo y la gesti\u00f3n, cada uno con un...\" \/>\n<meta property=\"og:url\" content=\"http:\/\/alramla.es\/en\/our-team\/\" \/>\n<meta property=\"og:site_name\" content=\"ALRAMLA\" \/>\n<meta property=\"article:modified_time\" content=\"2026-01-20T17:14:05+00:00\" \/>\n<meta name=\"twitter:label1\" content=\"Est. reading time\" \/>\n\t<meta name=\"twitter:data1\" content=\"2 minutes\" \/>\n<script type=\"application\/ld+json\" class=\"yoast-schema-graph\">{\"@context\":\"https:\/\/schema.org\",\"@graph\":[{\"@type\":\"WebPage\",\"@id\":\"http:\/\/alramla.es\/en\/our-team\/\",\"url\":\"http:\/\/alramla.es\/en\/our-team\/\",\"name\":\"El Equipo | AlRamla\",\"isPartOf\":{\"@id\":\"http:\/\/alramla.es\/en\/#website\"},\"datePublished\":\"2013-12-29T16:11:39+00:00\",\"dateModified\":\"2026-01-20T17:14:05+00:00\",\"description\":\"Nuestro equipo est\u00e1 formado por profesionales din\u00e1micos y motivados, con una considerable trayectoria en el turismo y la gesti\u00f3n, cada uno con un...\",\"breadcrumb\":{\"@id\":\"http:\/\/alramla.es\/en\/our-team\/#breadcrumb\"},\"inLanguage\":\"en-US\",\"potentialAction\":[{\"@type\":\"ReadAction\",\"target\":[\"http:\/\/alramla.es\/en\/our-team\/\"]}]},{\"@type\":\"BreadcrumbList\",\"@id\":\"http:\/\/alramla.es\/en\/our-team\/#breadcrumb\",\"itemListElement\":[{\"@type\":\"ListItem\",\"position\":1,\"name\":\"Portada\",\"item\":\"http:\/\/alramla.es\/en\/\"},{\"@type\":\"ListItem\",\"position\":2,\"name\":\"Our Team\"}]},{\"@type\":\"WebSite\",\"@id\":\"http:\/\/alramla.es\/en\/#website\",\"url\":\"http:\/\/alramla.es\/en\/\",\"name\":\"ALRAMLA\",\"description\":\"Turismo en Barcelona especializado para pa\u00edses \u00e1rabes\",\"potentialAction\":[{\"@type\":\"SearchAction\",\"target\":{\"@type\":\"EntryPoint\",\"urlTemplate\":\"http:\/\/alramla.es\/en\/?s={search_term_string}\"},\"query-input\":{\"@type\":\"PropertyValueSpecification\",\"valueRequired\":true,\"valueName\":\"search_term_string\"}}],\"inLanguage\":\"en-US\"}]}<\/script>\n<!-- \/ Yoast SEO plugin. -->","yoast_head_json":{"title":"El Equipo | AlRamla","description":"Nuestro equipo est\u00e1 formado por profesionales din\u00e1micos y motivados, con una considerable trayectoria en el turismo y la gesti\u00f3n, cada uno con un...","robots":{"index":"index","follow":"follow","max-snippet":"max-snippet:-1","max-image-preview":"max-image-preview:large","max-video-preview":"max-video-preview:-1"},"canonical":"http:\/\/alramla.es\/en\/our-team\/","og_locale":"en_US","og_type":"article","og_title":"El Equipo | AlRamla","og_description":"Nuestro equipo est\u00e1 formado por profesionales din\u00e1micos y motivados, con una considerable trayectoria en el turismo y la gesti\u00f3n, cada uno con un...","og_url":"http:\/\/alramla.es\/en\/our-team\/","og_site_name":"ALRAMLA","article_modified_time":"2026-01-20T17:14:05+00:00","twitter_misc":{"Est. reading time":"2 minutes"},"schema":{"@context":"https:\/\/schema.org","@graph":[{"@type":"WebPage","@id":"http:\/\/alramla.es\/en\/our-team\/","url":"http:\/\/alramla.es\/en\/our-team\/","name":"El Equipo | AlRamla","isPartOf":{"@id":"http:\/\/alramla.es\/en\/#website"},"datePublished":"2013-12-29T16:11:39+00:00","dateModified":"2026-01-20T17:14:05+00:00","description":"Nuestro equipo est\u00e1 formado por profesionales din\u00e1micos y motivados, con una considerable trayectoria en el turismo y la gesti\u00f3n, cada uno con un...","breadcrumb":{"@id":"http:\/\/alramla.es\/en\/our-team\/#breadcrumb"},"inLanguage":"en-US","potentialAction":[{"@type":"ReadAction","target":["http:\/\/alramla.es\/en\/our-team\/"]}]},{"@type":"BreadcrumbList","@id":"http:\/\/alramla.es\/en\/our-team\/#breadcrumb","itemListElement":[{"@type":"ListItem","position":1,"name":"Portada","item":"http:\/\/alramla.es\/en\/"},{"@type":"ListItem","position":2,"name":"Our Team"}]},{"@type":"WebSite","@id":"http:\/\/alramla.es\/en\/#website","url":"http:\/\/alramla.es\/en\/","name":"ALRAMLA","description":"Turismo en Barcelona especializado para pa\u00edses \u00e1rabes","potentialAction":[{"@type":"SearchAction","target":{"@type":"EntryPoint","urlTemplate":"http:\/\/alramla.es\/en\/?s={search_term_string}"},"query-input":{"@type":"PropertyValueSpecification","valueRequired":true,"valueName":"search_term_string"}}],"inLanguage":"en-US"}]}},"_links":{"self":[{"href":"http:\/\/alramla.es\/en\/wp-json\/wp\/v2\/pages\/1910","targetHints":{"allow":["GET"]}}],"collection":[{"href":"http:\/\/alramla.es\/en\/wp-json\/wp\/v2\/pages"}],"about":[{"href":"http:\/\/alramla.es\/en\/wp-json\/wp\/v2\/types\/page"}],"author":[{"embeddable":true,"href":"http:\/\/alramla.es\/en\/wp-json\/wp\/v2\/users\/1"}],"replies":[{"embeddable":true,"href":"http:\/\/alramla.es\/en\/wp-json\/wp\/v2\/comments?post=1910"}],"version-history":[{"count":29,"href":"http:\/\/alramla.es\/en\/wp-json\/wp\/v2\/pages\/1910\/revisions"}],"predecessor-version":[{"id":3011,"href":"http:\/\/alramla.es\/en\/wp-json\/wp\/v2\/pages\/1910\/revisions\/3011"}],"wp:attachment":[{"href":"http:\/\/alramla.es\/en\/wp-json\/wp\/v2\/media?parent=1910"}],"curies":[{"name":"wp","href":"https:\/\/api.w.org\/{rel}","templated":true}]}}